{"id":18,"date":"2013-11-30T22:41:38","date_gmt":"2013-11-30T20:41:38","guid":{"rendered":"http:\/\/www.weikertstoana.de\/?page_id=18"},"modified":"2020-04-01T23:02:04","modified_gmt":"2020-04-01T21:02:04","slug":"impressum","status":"publish","type":"page","link":"https:\/\/www.weikertstoana.de\/?page_id=18","title":{"rendered":"Impressum &#8211; Datenschutzerkl\u00e4rung"},"content":{"rendered":"<p><span style=\"text-decoration: underline;\"><strong>Recht am eigenen Bild (KunstUrhG)<\/strong><\/span><\/p>\n<p>Sehr geehrte Homepagebesucher,<\/p>\n<p>gem. \u00a7 22 KunstUrhG d\u00fcrfen<\/p>\n<p><strong>&#8222;Bildnisse nur mit Einwilligung des Abgebildeten verbreitet oder \u00f6ffentlich zur Schau gestellt werden.&#8220;<\/strong><\/p>\n<p style=\"text-align: justify;\">Durch die Ver\u00f6ffentlichung\u00a0aktueller Berichte und Fotos auf der vereinseigenen Homepage bem\u00fcht sich der Wei\u00dfbacher <strong>Trachtenverein &#8222;G.T.E.V. D`Weikertstoana e.V.&#8220;<\/strong>\u00a0 um eine m\u00f6glichst umfassende Darstellung des Vereinsgeschehens.\u00a0Dies bedingt, dass Vereinsmitglieder oder Besucher unserer Veranstaltungen auf den\u00a0eingestellten Bildern zu sehen sind.\u00a0Einer Einwilligung f\u00fcr die Ver\u00f6ffentlichung von Bildern bedarf es nach \u00a7 23\/I Nr. 3 KunstUrhG nicht , wenn es sich um\u00a0Bilder von Versammlungen, Aufz\u00fcgen und \u00e4hnlichen Vorg\u00e4ngen wie Vereinsveranstaltungen und \u00f6ffentliche Festlichkeiten handelt, an denen die dargestellten Personen teilgenommen haben und dort als Teilnehmer(in) auch erkennbar ist.<\/p>\n<p style=\"text-align: justify;\">Angesichts der Rechtslage geht der \u00a0&#8222;G.T.E.V. D`Weikertstoana e.V.&#8220; als Verein und Inhaber der Homepage davon aus, dass unsere Vereinsmitglieder und die Besucher unserer Veranstaltungen \u00a0generell damit einverstanden sind, auf Fotos, die auf\u00a0unserer Homepage ver\u00f6ffentlicht werden, abgebildet zu sein. Weiters geht der\u00a0\u00a0&#8222;G.T.E.V. D`Weikertstoana e.V.&#8220; davon aus,\u00a0dass Privatpersonen, Vereinsmitglieder und Fotografen, die dem o.g. Verein selbst gefertigte Bilder von Vereinsereignissen und Veranstaltungen zur Ver\u00f6ffentlichung auf unserer\u00a0Homepage <a href=\"http:\/\/www.weikertstoana.de\" target=\"_blank\" rel=\"noopener noreferrer\">www.weikertstoana.de<\/a> zur Verf\u00fcgung stellen, dem&#8220;G.T.E.V. D`Weikertstoana e.V.&#8220; das Verwertungsrecht \u00a0zusprechen!<\/p>\n<p style=\"text-align: justify;\"><strong style=\"font-size: 14px;\">Sollte ein Vereinsmitglied, oder ein andere dort abgebildete Person generell oder im Einzelfall\u00a0mit solch einer Darstellung nicht einverstanden sein, bitten wir um umgehende Benachrichtigung an:<\/strong> <a href=\"mailto:info@weikertstoana.de\" target=\"_blank\" rel=\"noopener noreferrer\">info@weikertstoana.de<\/a><\/p>\n<p style=\"text-align: justify;\"><strong><span style=\"color: #000000;\">Gleiches gilt f\u00fcr\u00a0Privatpersonen, Vereinsmitglieder und Fotografen die einer Ver\u00f6ffentlichung ihrer Bilder auf unserer Homepage widersprechen wollen.\u00a0<\/span><\/strong><\/p>\n<p style=\"text-align: justify;\"><span style=\"font-size: 14px;\">Selbstverst\u00e4ndlich werden wir dann die betreffenden Bilder <\/span><span style=\"font-size: 14px;\">zeitnah<\/span><span style=\"font-size: 14px;\">\u00a0von unserer Homepage entfernt!<\/span><\/p>\n<p style=\"text-align: justify;\">Web-Administrator des&#8220;G.T.E.V. D`Weikertstoana e.V.<\/p>\n<p><strong>Verantwortlich f\u00fcr den Inhalt (&#8222;gem. \u00a7 5 Telemediengesetz):<\/strong><br \/>\nGebirgstrachten-Erhaltungsverein &#8222;D`Weikertstoana&#8220; e.V., Sitz: Wei\u00dfbach an der Alpenstra\u00dfe<br \/>\nVertreten durch den 1. Vorstand Andreas Holzner<br \/>\nPostalische Anschrift: Inzellerstra\u00dfe 55, 83458 Schneizlreuth<br \/>\nTelefon: +498665 \/ 929190<br \/>\nE-Mail: \u00a0<a title=\"vorstand@weikertstoana.de\" href=\"mailto:vorstand@weikertstoana.de\" target=\"_blank\" rel=\"noopener noreferrer\">vorstand@weikertstoana.de<\/a><ins><br \/>\n<\/ins><\/p>\n<p><strong>Eintragung:<\/strong><br \/>\nVereinsregister: VR 20279, \u00a0Amtsgericht Traunstein &#8211; Registergericht<\/p>\n<p><strong>Bildmaterial:<\/strong><br \/>\nVereinsmitglieder des G.T.E.V. D`Weikertstoana<\/p>\n<p style=\"text-align: justify;\"><strong>Urheberrecht:<\/strong><br \/>\nS\u00e4mtliche Inhalte dieser Seite (Texte und Bilder) sind urheberrechtlich gesch\u00fctzt. Jede programmtechnische Auswertung, programmtechnische Vervielf\u00e4ltigung der Seiteninhalte durch Dritte, auch auszugsweise in gedruckter, elektronischer oder visueller Form, ist ausdr\u00fccklich untersagt. Ausnahmen hiervon bed\u00fcrfen einer schriftlichen Genehmigung des Gebirgstrachten-Erhaltungsverein &#8222;D`Weikertstoana&#8220; e.V..<br \/>\nDer Verein\u00a0beh\u00e4lt sich vor, diese Genehmigung jederzeit zu widerrufen und rechtliche Schritte bei Missachtung oder Verst\u00f6\u00dfen gegen das Urheberrecht einzuleiten.<\/p>\n<p style=\"text-align: justify;\"><strong>Internetbedingungen:<\/strong><br \/>\nDas Internet arbeitet als dezentraler Netzwerkverbund mit der Zwischenspeicherung und Weitergabe tempor\u00e4rer Daten. Eine Gew\u00e4hr f\u00fcr den Ausschlu\u00df von Manipulation, von versehentlichem Verf\u00e4lschen und Gew\u00e4hr f\u00fcr die Verwendung nur aktueller Daten auf dem Verbindungsweg Anbieter zu Nutzer kann es zur Zeit daher nicht geben. Auf diesem systembedingte Einschr\u00e4nkung weisen wir daher wie folgt hin: Sie erhalten diese Daten unter den Bedingungen des Internets. F\u00fcr die Richtigkeit der Angaben und die \u00dcbereinstimmung mit den Ursprungsdaten kann von Seiten des\u00a0Gebirgstrachten-Erhaltungsverein &#8222;D`Weikertstoana&#8220; e.V.\u00a0keine Gew\u00e4hr \u00fcbernommen werden.<\/p>\n<p style=\"text-align: justify;\"><strong>Haftungsauschluss \/ Disclaimer:<\/strong><br \/>\nMit Urteil vom 12. Mai 1998 hat das Landgericht Hamburg entschieden, dass man durch die Anbringung eines Links die Inhalte der verlinkten Seite ggf. mitzuverantworten hat. Dies kann, so das Landgericht Hamburg, nur dadurch verhindert werden, dass man sich ausdr\u00fccklich von diesen Inhalten distanziert. Auf dieser Internet-Seite sind verschiedene Links zu externen Seiten im Internet untergebracht.<br \/>\nF\u00fcr alle diese Links gilt: Wir m\u00f6chten ausdr\u00fccklich betonen, dass wir keinerlei Einfluss auf die Gestaltung und die Inhalte der gelinkten Seiten haben. Wir distanzieren uns hiermit ausdr\u00fccklich von allen Inhalten aller gelinkten Seiten. Diese Erkl\u00e4rung gilt f\u00fcr alle Inhalte der Seiten, zu denen Banner und Links f\u00fchren. Wir \u00fcbernehmen keine Verantwortung f\u00fcr die Inhalte, Fehlerfreiheit und Rechtm\u00e4\u00dfigkeit von Internetangeboten Dritter.<br \/>\nEine Verantwortlichkeit kann im \u00fcbrigen nur begr\u00fcndet werden, wenn wir Kenntnis von Rechtsverletzungen haben und es uns technisch m\u00f6glich und zumutbar ist, deren Nutzung zu verhindern (\u00a7 5 Abs. 2\u00a0TDG\/MDStV). Wir haben die fremden Inhalte auf m\u00f6gliche Rechtsverletzungen in einem uns zumutbaren Umfang \u00fcberpr\u00fcft. Verletzungen von Urheber-, Marken- oder Pers\u00f6nlichkeitsrechten oder Verst\u00f6\u00dfe gegen das Wettbewerbsrecht auf den Webseiten der Drittanbieter waren nicht augenscheinlich und sind uns eben sowenig bekannt wie eine dortige Erf\u00fcllung von Straftatbest\u00e4nden.<\/p>\n<p>&nbsp;<\/p>\n<p><strong>Datenschutz:<\/strong><\/p>\n<p><a href=\"http:\/\/www.weikertstoana.de\/wp-content\/uploads\/2018\/06\/Erkl\u00e4DS-Vorl.docx\" target=\"_blank\" rel=\"noopener noreferrer\">Datenschutzerkl\u00e4rung<\/a><\/p>\n<p><strong>Webdesign:<\/strong><br \/>\nChiemgau-Websites <a href=\"http:\/\/www.chiemgau-websites.de\" target=\"_blank\" rel=\"noopener noreferrer\">www.chiemgau-websites.de<\/a><\/p>\n<p>&nbsp;<\/p>\n<p>&nbsp;<\/p>\n<p>&nbsp;<\/p>\n","protected":false},"excerpt":{"rendered":"<p>Recht am eigenen Bild (KunstUrhG) Sehr geehrte Homepagebesucher, gem. \u00a7 22 KunstUrhG d\u00fcrfen &#8222;Bildnisse nur mit Einwilligung des Abgebildeten verbreitet oder \u00f6ffentlich zur Schau gestellt werden.&#8220; Durch die Ver\u00f6ffentlichung\u00a0aktueller Berichte und Fotos auf der vereinseigenen Homepage bem\u00fcht sich der Wei\u00dfbacher&hellip; <\/p>\n","protected":false},"author":1,"featured_media":0,"parent":0,"menu_order":2,"comment_status":"closed","ping_status":"open","template":"","meta":{"footnotes":""},"class_list":["post-18","page","type-page","status-publish","hentry"],"_links":{"self":[{"href":"https:\/\/www.weikertstoana.de\/index.php?rest_route=\/wp\/v2\/pages\/18","targetHints":{"allow":["GET"]}}],"collection":[{"href":"https:\/\/www.weikertstoana.de\/index.php?rest_route=\/wp\/v2\/pages"}],"about":[{"href":"https:\/\/www.weikertstoana.de\/index.php?rest_route=\/wp\/v2\/types\/page"}],"author":[{"embeddable":true,"href":"https:\/\/www.weikertstoana.de\/index.php?rest_route=\/wp\/v2\/users\/1"}],"replies":[{"embeddable":true,"href":"https:\/\/www.weikertstoana.de\/index.php?rest_route=%2Fwp%2Fv2%2Fcomments&post=18"}],"version-history":[{"count":5,"href":"https:\/\/www.weikertstoana.de\/index.php?rest_route=\/wp\/v2\/pages\/18\/revisions"}],"predecessor-version":[{"id":3700,"href":"https:\/\/www.weikertstoana.de\/index.php?rest_route=\/wp\/v2\/pages\/18\/revisions\/3700"}],"wp:attachment":[{"href":"https:\/\/www.weikertstoana.de\/index.php?rest_route=%2Fwp%2Fv2%2Fmedia&parent=18"}],"curies":[{"name":"wp","href":"https:\/\/api.w.org\/{rel}","templated":true}]}}