{"id":3332,"date":"2019-04-02T20:03:34","date_gmt":"2019-04-02T18:03:34","guid":{"rendered":"http:\/\/www.weikertstoana.de\/?page_id=3332"},"modified":"2019-04-08T21:51:33","modified_gmt":"2019-04-08T19:51:33","slug":"unsere-vereinshuette","status":"publish","type":"page","link":"https:\/\/www.weikertstoana.de\/?page_id=3332","title":{"rendered":"Unsere Vereinsh\u00fctte"},"content":{"rendered":"<p style=\"text-align: justify;\"><strong>Planung seit 1968 &#8211; Bau erst 1983<\/strong><\/p>\n<p style=\"text-align: justify;\">Bereits im Jahr 1968 beschloss der Ausschuss des Trachtenvereins, mit Zustimmung der Mitglieder, den Bau einer Eigenen Vereinsh\u00fctte anzustreben. Nach jahrzehntelanger, zerm\u00fcrbender Suche nach einem geeigneten Standort und verschiedensten Kooperationsversuchen mit den anderen Ortsvereinen, konnte erst 1983 der heutige Standort endg\u00fcltig fixiert und das dortige Grundst\u00fcck f\u00fcr 10.492 DM erworben werden. Gr\u00f6\u00dftenteils in Eigenleistung und tatkr\u00e4ftig unterst\u00fctzt durch Geld- und Sachspenden, bauten sich die Vereinsmitglieder ab September 1983 ihre eigene Trachtenh\u00fctte. Mit der kirchlichen Weihe durch Pfarrer Hessenhofer und einem Festtag wurde das Geb\u00e4ude, durch Vorstand Peter Eicher, am 8.Juli 1984 seiner Bestimmung \u00fcbergeben. Als erster H\u00fcttenwirt stellte sich Franz Aicher zur Verf\u00fcgung. Ihm folgte bis 2011 Lotte Eicher. Schon nach einigen Jahren zeigte sich, dass die Platzverh\u00e4ltnisse in der Vereinsh\u00fctte, auch durch den gro\u00dfen Zuspruch zu den Nachwuchsgruppen, immer beengter wurden.<\/p>\n<p style=\"text-align: justify;\"><strong>Erweiterung 1997\/1998<\/strong><\/p>\n<p style=\"text-align: justify;\">Angetrieben durch den damaligen Vorstand Peter Eicher sen. entschloss sich der Ausschuss mit den Mitgliedern und der Musikkapelle Wei\u00dfbach im Jahr 1997 die Vereinsh\u00fctte um einen Querbau und einem Probenraum f\u00fcr die Musikkapelle im Kellergescho\u00df zu erweitern. Nach nur achtmonatiger Bauzeit, ausgef\u00fchrt in einer beispielhaften Zusammenarbeit zwischen den beiden Vereinen, vielen Helfern aus dem Ort, ortsans\u00e4ssigen wie ausw\u00e4rtigen Firmen und unterst\u00fctzt durch viele Spenden, konnte der Erweiterungsbau am Trachtenheim des G.T.E.V. &#8222;D`Weikertstoana&#8220; Wei\u00dfbach e.V. am Pfingstsonntag, den 31. Mai 1998 von Pfarrer Kr\u00e4mmer eingeweiht und seiner Bestimmung \u00fcbergeben werden. Heute sind die R\u00e4umlichkeiten nicht nur Probenraum f\u00fcr die Aktiven und Nachwuchsgruppen des Vereins sondern komfortabler Probenort f\u00fcr die Musikkapelle Wei\u00dfbach, Raum f\u00fcr Tagungen und Sitzungen des Vereins, Probenort f\u00fcr die Akteure der Bauernb\u00fchne oder Lokalit\u00e4t f\u00fcr Kinderveranstaltungen. Auch Vereinsmitglieder nutzen die Trachtenh\u00fctte zur Feier von runden Geburtstagen und Familien-Jubil\u00e4en. Heutige H\u00fcttenwirtin ist Erna Holzner. <em>Werner Bauregger<\/em><\/p>\n\n\t\t<style type=\"text\/css\">\n\t\t\t#gallery-1 {\n\t\t\t\tmargin: auto;\n\t\t\t}\n\t\t\t#gallery-1 .gallery-item {\n\t\t\t\tfloat: left;\n\t\t\t\tmargin-top: 10px;\n\t\t\t\ttext-align: center;\n\t\t\t\twidth: 33%;\n\t\t\t}\n\t\t\t#gallery-1 img {\n\t\t\t\tborder: 2px solid #cfcfcf;\n\t\t\t}\n\t\t\t#gallery-1 .gallery-caption {\n\t\t\t\tmargin-left: 0;\n\t\t\t}\n\t\t\t\/* see gallery_shortcode() in wp-includes\/media.php *\/\n\t\t<\/style>\n\t\t<div data-carousel-extra='{\"blog_id\":1,\"permalink\":\"https:\\\/\\\/www.weikertstoana.de\\\/?page_id=3332\",\"likes_blog_id\":false}' id='gallery-1' class='gallery galleryid-3332 gallery-columns-3 gallery-size-thumbnail'><dl class='gallery-item'>\n\t\t\t<dt class='gallery-icon landscape'>\n\t\t\t\t<a href='https:\/\/www.weikertstoana.de\/?attachment_id=658'><img loading=\"lazy\" decoding=\"async\" width=\"150\" height=\"150\" src=\"https:\/\/www.weikertstoana.de\/wp-content\/uploads\/2014\/08\/Baustelle-Trachtenh\u00fctte-150x150.jpg\" class=\"attachment-thumbnail size-thumbnail\" alt=\"\" aria-describedby=\"gallery-1-658\" srcset=\"https:\/\/www.weikertstoana.de\/wp-content\/uploads\/2014\/08\/Baustelle-Trachtenh\u00fctte-150x150.jpg 150w, https:\/\/www.weikertstoana.de\/wp-content\/uploads\/2014\/08\/Baustelle-Trachtenh\u00fctte-230x230.jpg 230w\" sizes=\"auto, (max-width: 150px) 100vw, 150px\" data-attachment-id=\"658\" data-orig-file=\"https:\/\/www.weikertstoana.de\/wp-content\/uploads\/2014\/08\/Baustelle-Trachtenh\u00fctte.jpg\" data-orig-size=\"900,675\" data-comments-opened=\"0\" data-image-meta=\"{&quot;aperture&quot;:&quot;5&quot;,&quot;credit&quot;:&quot;Werner Bauregger&quot;,&quot;camera&quot;:&quot;DSC-HX50&quot;,&quot;caption&quot;:&quot;&quot;,&quot;created_timestamp&quot;:&quot;1404060152&quot;,&quot;copyright&quot;:&quot;Werner Bauregger&quot;,&quot;focal_length&quot;:&quot;10.67&quot;,&quot;iso&quot;:&quot;1600&quot;,&quot;shutter_speed&quot;:&quot;0.066666666666667&quot;,&quot;title&quot;:&quot;&quot;}\" data-image-title=\"Baustelle Trachtenh\u00fctte\" data-image-description=\"\" data-medium-file=\"https:\/\/www.weikertstoana.de\/wp-content\/uploads\/2014\/08\/Baustelle-Trachtenh\u00fctte-300x225.jpg\" data-large-file=\"https:\/\/www.weikertstoana.de\/wp-content\/uploads\/2014\/08\/Baustelle-Trachtenh\u00fctte.jpg\" \/><\/a>\n\t\t\t<\/dt>\n\t\t\t\t<dd class='wp-caption-text gallery-caption' id='gallery-1-658'>\n\t\t\t\tErweiterung 1997\/1998\n\t\t\t\t<\/dd><\/dl><dl class='gallery-item'>\n\t\t\t<dt class='gallery-icon landscape'>\n\t\t\t\t<a href='https:\/\/www.weikertstoana.de\/?attachment_id=663'><img loading=\"lazy\" decoding=\"async\" width=\"150\" height=\"150\" src=\"https:\/\/www.weikertstoana.de\/wp-content\/uploads\/2014\/08\/Rohbau-mit-Dachstuhl-150x150.jpg\" class=\"attachment-thumbnail size-thumbnail\" alt=\"\" aria-describedby=\"gallery-1-663\" srcset=\"https:\/\/www.weikertstoana.de\/wp-content\/uploads\/2014\/08\/Rohbau-mit-Dachstuhl-150x150.jpg 150w, https:\/\/www.weikertstoana.de\/wp-content\/uploads\/2014\/08\/Rohbau-mit-Dachstuhl-230x230.jpg 230w\" sizes=\"auto, (max-width: 150px) 100vw, 150px\" data-attachment-id=\"663\" data-orig-file=\"https:\/\/www.weikertstoana.de\/wp-content\/uploads\/2014\/08\/Rohbau-mit-Dachstuhl.jpg\" data-orig-size=\"900,675\" data-comments-opened=\"0\" data-image-meta=\"{&quot;aperture&quot;:&quot;5&quot;,&quot;credit&quot;:&quot;Werner Bauregger&quot;,&quot;camera&quot;:&quot;DSC-HX50&quot;,&quot;caption&quot;:&quot;&quot;,&quot;created_timestamp&quot;:&quot;1404059642&quot;,&quot;copyright&quot;:&quot;Werner Bauregger&quot;,&quot;focal_length&quot;:&quot;10.05&quot;,&quot;iso&quot;:&quot;1600&quot;,&quot;shutter_speed&quot;:&quot;0.04&quot;,&quot;title&quot;:&quot;&quot;}\" data-image-title=\"Rohbau mit Dachstuhl\" data-image-description=\"\" data-medium-file=\"https:\/\/www.weikertstoana.de\/wp-content\/uploads\/2014\/08\/Rohbau-mit-Dachstuhl-300x225.jpg\" data-large-file=\"https:\/\/www.weikertstoana.de\/wp-content\/uploads\/2014\/08\/Rohbau-mit-Dachstuhl.jpg\" \/><\/a>\n\t\t\t<\/dt>\n\t\t\t\t<dd class='wp-caption-text gallery-caption' id='gallery-1-663'>\n\t\t\t\tErweiterung 1997\/1998\n\t\t\t\t<\/dd><\/dl><dl class='gallery-item'>\n\t\t\t<dt class='gallery-icon landscape'>\n\t\t\t\t<a href='https:\/\/www.weikertstoana.de\/?attachment_id=659'><img loading=\"lazy\" decoding=\"async\" width=\"150\" height=\"150\" src=\"https:\/\/www.weikertstoana.de\/wp-content\/uploads\/2014\/08\/Blockschalung-und-Schriftzug-150x150.jpg\" class=\"attachment-thumbnail size-thumbnail\" alt=\"\" aria-describedby=\"gallery-1-659\" srcset=\"https:\/\/www.weikertstoana.de\/wp-content\/uploads\/2014\/08\/Blockschalung-und-Schriftzug-150x150.jpg 150w, https:\/\/www.weikertstoana.de\/wp-content\/uploads\/2014\/08\/Blockschalung-und-Schriftzug-230x230.jpg 230w\" sizes=\"auto, (max-width: 150px) 100vw, 150px\" data-attachment-id=\"659\" data-orig-file=\"https:\/\/www.weikertstoana.de\/wp-content\/uploads\/2014\/08\/Blockschalung-und-Schriftzug.jpg\" data-orig-size=\"900,675\" data-comments-opened=\"0\" data-image-meta=\"{&quot;aperture&quot;:&quot;5&quot;,&quot;credit&quot;:&quot;Werner Bauregger&quot;,&quot;camera&quot;:&quot;DSC-HX50&quot;,&quot;caption&quot;:&quot;&quot;,&quot;created_timestamp&quot;:&quot;1404059533&quot;,&quot;copyright&quot;:&quot;Werner Bauregger&quot;,&quot;focal_length&quot;:&quot;10.05&quot;,&quot;iso&quot;:&quot;1600&quot;,&quot;shutter_speed&quot;:&quot;0.05&quot;,&quot;title&quot;:&quot;&quot;}\" data-image-title=\"Blockschalung und Schriftzug\" data-image-description=\"\" data-medium-file=\"https:\/\/www.weikertstoana.de\/wp-content\/uploads\/2014\/08\/Blockschalung-und-Schriftzug-300x225.jpg\" data-large-file=\"https:\/\/www.weikertstoana.de\/wp-content\/uploads\/2014\/08\/Blockschalung-und-Schriftzug.jpg\" \/><\/a>\n\t\t\t<\/dt>\n\t\t\t\t<dd class='wp-caption-text gallery-caption' id='gallery-1-659'>\n\t\t\t\tErweiterung 1997\/1998\n\t\t\t\t<\/dd><\/dl><br style=\"clear: both\" \/><dl class='gallery-item'>\n\t\t\t<dt class='gallery-icon landscape'>\n\t\t\t\t<a href='https:\/\/www.weikertstoana.de\/?attachment_id=662'><img loading=\"lazy\" decoding=\"async\" width=\"150\" height=\"150\" src=\"https:\/\/www.weikertstoana.de\/wp-content\/uploads\/2014\/08\/Einweihung-M\u00e4rz-1998-150x150.jpg\" class=\"attachment-thumbnail size-thumbnail\" alt=\"\" aria-describedby=\"gallery-1-662\" srcset=\"https:\/\/www.weikertstoana.de\/wp-content\/uploads\/2014\/08\/Einweihung-M\u00e4rz-1998-150x150.jpg 150w, https:\/\/www.weikertstoana.de\/wp-content\/uploads\/2014\/08\/Einweihung-M\u00e4rz-1998-230x230.jpg 230w\" sizes=\"auto, (max-width: 150px) 100vw, 150px\" data-attachment-id=\"662\" data-orig-file=\"https:\/\/www.weikertstoana.de\/wp-content\/uploads\/2014\/08\/Einweihung-M\u00e4rz-1998.jpg\" data-orig-size=\"900,675\" data-comments-opened=\"0\" data-image-meta=\"{&quot;aperture&quot;:&quot;5&quot;,&quot;credit&quot;:&quot;Werner Bauregger&quot;,&quot;camera&quot;:&quot;DSC-HX50&quot;,&quot;caption&quot;:&quot;&quot;,&quot;created_timestamp&quot;:&quot;1404059678&quot;,&quot;copyright&quot;:&quot;Werner Bauregger&quot;,&quot;focal_length&quot;:&quot;10.05&quot;,&quot;iso&quot;:&quot;1600&quot;,&quot;shutter_speed&quot;:&quot;0.05&quot;,&quot;title&quot;:&quot;&quot;}\" data-image-title=\"Einweihung M\u00e4rz 1998\" data-image-description=\"\" data-medium-file=\"https:\/\/www.weikertstoana.de\/wp-content\/uploads\/2014\/08\/Einweihung-M\u00e4rz-1998-300x225.jpg\" data-large-file=\"https:\/\/www.weikertstoana.de\/wp-content\/uploads\/2014\/08\/Einweihung-M\u00e4rz-1998.jpg\" \/><\/a>\n\t\t\t<\/dt>\n\t\t\t\t<dd class='wp-caption-text gallery-caption' id='gallery-1-662'>\n\t\t\t\tErweiterung 1997\/1998\n\t\t\t\t<\/dd><\/dl><dl class='gallery-item'>\n\t\t\t<dt class='gallery-icon landscape'>\n\t\t\t\t<a href='https:\/\/www.weikertstoana.de\/?attachment_id=661'><img loading=\"lazy\" decoding=\"async\" width=\"150\" height=\"150\" src=\"https:\/\/www.weikertstoana.de\/wp-content\/uploads\/2014\/08\/Einweihung-M\u00e4rz-1998-Pfarrer-kr\u00e4mmer-150x150.jpg\" class=\"attachment-thumbnail size-thumbnail\" alt=\"\" aria-describedby=\"gallery-1-661\" srcset=\"https:\/\/www.weikertstoana.de\/wp-content\/uploads\/2014\/08\/Einweihung-M\u00e4rz-1998-Pfarrer-kr\u00e4mmer-150x150.jpg 150w, https:\/\/www.weikertstoana.de\/wp-content\/uploads\/2014\/08\/Einweihung-M\u00e4rz-1998-Pfarrer-kr\u00e4mmer-230x230.jpg 230w\" sizes=\"auto, (max-width: 150px) 100vw, 150px\" data-attachment-id=\"661\" data-orig-file=\"https:\/\/www.weikertstoana.de\/wp-content\/uploads\/2014\/08\/Einweihung-M\u00e4rz-1998-Pfarrer-kr\u00e4mmer.jpg\" data-orig-size=\"900,675\" data-comments-opened=\"0\" data-image-meta=\"{&quot;aperture&quot;:&quot;5&quot;,&quot;credit&quot;:&quot;Werner Bauregger&quot;,&quot;camera&quot;:&quot;DSC-HX50&quot;,&quot;caption&quot;:&quot;&quot;,&quot;created_timestamp&quot;:&quot;1404059709&quot;,&quot;copyright&quot;:&quot;Werner Bauregger&quot;,&quot;focal_length&quot;:&quot;11.34&quot;,&quot;iso&quot;:&quot;1600&quot;,&quot;shutter_speed&quot;:&quot;0.05&quot;,&quot;title&quot;:&quot;&quot;}\" data-image-title=\"Einweihung M\u00e4rz 1998 Pfarrer kr\u00e4mmer\" data-image-description=\"\" data-medium-file=\"https:\/\/www.weikertstoana.de\/wp-content\/uploads\/2014\/08\/Einweihung-M\u00e4rz-1998-Pfarrer-kr\u00e4mmer-300x225.jpg\" data-large-file=\"https:\/\/www.weikertstoana.de\/wp-content\/uploads\/2014\/08\/Einweihung-M\u00e4rz-1998-Pfarrer-kr\u00e4mmer.jpg\" \/><\/a>\n\t\t\t<\/dt>\n\t\t\t\t<dd class='wp-caption-text gallery-caption' id='gallery-1-661'>\n\t\t\t\tErweiterung 1997\/1998\n\t\t\t\t<\/dd><\/dl><dl class='gallery-item'>\n\t\t\t<dt class='gallery-icon landscape'>\n\t\t\t\t<a href='https:\/\/www.weikertstoana.de\/?attachment_id=660'><img loading=\"lazy\" decoding=\"async\" width=\"150\" height=\"150\" src=\"https:\/\/www.weikertstoana.de\/wp-content\/uploads\/2014\/08\/Einweihung-1998-Kronentanz-150x150.jpg\" class=\"attachment-thumbnail size-thumbnail\" alt=\"\" aria-describedby=\"gallery-1-660\" srcset=\"https:\/\/www.weikertstoana.de\/wp-content\/uploads\/2014\/08\/Einweihung-1998-Kronentanz-150x150.jpg 150w, https:\/\/www.weikertstoana.de\/wp-content\/uploads\/2014\/08\/Einweihung-1998-Kronentanz-230x230.jpg 230w\" sizes=\"auto, (max-width: 150px) 100vw, 150px\" data-attachment-id=\"660\" data-orig-file=\"https:\/\/www.weikertstoana.de\/wp-content\/uploads\/2014\/08\/Einweihung-1998-Kronentanz.jpg\" data-orig-size=\"900,675\" data-comments-opened=\"0\" data-image-meta=\"{&quot;aperture&quot;:&quot;5&quot;,&quot;credit&quot;:&quot;Werner Bauregger&quot;,&quot;camera&quot;:&quot;DSC-HX50&quot;,&quot;caption&quot;:&quot;&quot;,&quot;created_timestamp&quot;:&quot;1404059764&quot;,&quot;copyright&quot;:&quot;Werner Bauregger&quot;,&quot;focal_length&quot;:&quot;11.34&quot;,&quot;iso&quot;:&quot;1600&quot;,&quot;shutter_speed&quot;:&quot;0.066666666666667&quot;,&quot;title&quot;:&quot;&quot;}\" data-image-title=\"Einweihung 1998 Kronentanz\" data-image-description=\"\" data-medium-file=\"https:\/\/www.weikertstoana.de\/wp-content\/uploads\/2014\/08\/Einweihung-1998-Kronentanz-300x225.jpg\" data-large-file=\"https:\/\/www.weikertstoana.de\/wp-content\/uploads\/2014\/08\/Einweihung-1998-Kronentanz.jpg\" \/><\/a>\n\t\t\t<\/dt>\n\t\t\t\t<dd class='wp-caption-text gallery-caption' id='gallery-1-660'>\n\t\t\t\tErweiterung 1997\/1998\n\t\t\t\t<\/dd><\/dl><br style=\"clear: both\" \/><dl class='gallery-item'>\n\t\t\t<dt class='gallery-icon landscape'>\n\t\t\t\t<a href='https:\/\/www.weikertstoana.de\/?attachment_id=664'><img loading=\"lazy\" decoding=\"async\" width=\"150\" height=\"150\" src=\"https:\/\/www.weikertstoana.de\/wp-content\/uploads\/2014\/08\/Trachtenh\u00fctte-im-Winter-150x150.jpg\" class=\"attachment-thumbnail size-thumbnail\" alt=\"\" aria-describedby=\"gallery-1-664\" srcset=\"https:\/\/www.weikertstoana.de\/wp-content\/uploads\/2014\/08\/Trachtenh\u00fctte-im-Winter-150x150.jpg 150w, https:\/\/www.weikertstoana.de\/wp-content\/uploads\/2014\/08\/Trachtenh\u00fctte-im-Winter-230x230.jpg 230w\" sizes=\"auto, (max-width: 150px) 100vw, 150px\" data-attachment-id=\"664\" data-orig-file=\"https:\/\/www.weikertstoana.de\/wp-content\/uploads\/2014\/08\/Trachtenh\u00fctte-im-Winter.jpg\" data-orig-size=\"900,584\" data-comments-opened=\"0\" data-image-meta=\"{&quot;aperture&quot;:&quot;0&quot;,&quot;credit&quot;:&quot;&quot;,&quot;camera&quot;:&quot;&quot;,&quot;caption&quot;:&quot;&quot;,&quot;created_timestamp&quot;:&quot;0&quot;,&quot;copyright&quot;:&quot;&quot;,&quot;focal_length&quot;:&quot;0&quot;,&quot;iso&quot;:&quot;0&quot;,&quot;shutter_speed&quot;:&quot;0&quot;,&quot;title&quot;:&quot;&quot;}\" data-image-title=\"Trachtenh\u00fctte im Winter\" data-image-description=\"\" data-medium-file=\"https:\/\/www.weikertstoana.de\/wp-content\/uploads\/2014\/08\/Trachtenh\u00fctte-im-Winter-300x194.jpg\" data-large-file=\"https:\/\/www.weikertstoana.de\/wp-content\/uploads\/2014\/08\/Trachtenh\u00fctte-im-Winter.jpg\" \/><\/a>\n\t\t\t<\/dt>\n\t\t\t\t<dd class='wp-caption-text gallery-caption' id='gallery-1-664'>\n\t\t\t\tTrachtenh\u00fctte nach Erweiterung\n\t\t\t\t<\/dd><\/dl>\n\t\t\t<br style='clear: both' \/>\n\t\t<\/div>\n\n","protected":false},"excerpt":{"rendered":"<p>Planung seit 1968 &#8211; Bau erst 1983 Bereits im Jahr 1968 beschloss der Ausschuss des Trachtenvereins, mit Zustimmung der Mitglieder, den Bau einer Eigenen Vereinsh\u00fctte anzustreben. Nach jahrzehntelanger, zerm\u00fcrbender Suche nach einem geeigneten Standort und verschiedensten Kooperationsversuchen mit den anderen&hellip; <\/p>\n","protected":false},"author":3,"featured_media":0,"parent":0,"menu_order":0,"comment_status":"closed","ping_status":"closed","template":"","meta":{"footnotes":""},"class_list":["post-3332","page","type-page","status-publish","hentry"],"_links":{"self":[{"href":"https:\/\/www.weikertstoana.de\/index.php?rest_route=\/wp\/v2\/pages\/3332","targetHints":{"allow":["GET"]}}],"collection":[{"href":"https:\/\/www.weikertstoana.de\/index.php?rest_route=\/wp\/v2\/pages"}],"about":[{"href":"https:\/\/www.weikertstoana.de\/index.php?rest_route=\/wp\/v2\/types\/page"}],"author":[{"embeddable":true,"href":"https:\/\/www.weikertstoana.de\/index.php?rest_route=\/wp\/v2\/users\/3"}],"replies":[{"embeddable":true,"href":"https:\/\/www.weikertstoana.de\/index.php?rest_route=%2Fwp%2Fv2%2Fcomments&post=3332"}],"version-history":[{"count":0,"href":"https:\/\/www.weikertstoana.de\/index.php?rest_route=\/wp\/v2\/pages\/3332\/revisions"}],"wp:attachment":[{"href":"https:\/\/www.weikertstoana.de\/index.php?rest_route=%2Fwp%2Fv2%2Fmedia&parent=3332"}],"curies":[{"name":"wp","href":"https:\/\/api.w.org\/{rel}","templated":true}]}}